{"id":5041,"date":"2023-11-09T10:46:06","date_gmt":"2023-11-09T10:46:06","guid":{"rendered":"https:\/\/daquitaine.fr\/la-nostra-storia\/"},"modified":"2025-12-17T14:27:10","modified_gmt":"2025-12-17T14:27:10","slug":"la-nostra-storia","status":"publish","type":"page","link":"https:\/\/daquitaine.fr\/it\/la-nostra-storia\/","title":{"rendered":"La nostra storia"},"content":{"rendered":"\t\t<div data-elementor-type=\"wp-page\" data-elementor-id=\"5041\" class=\"elementor elementor-5041 elementor-1223\">\n\t\t\t\t<div class=\"elementor-element elementor-element-fdd94a0 e-con-full e-flex e-con e-parent\" data-id=\"fdd94a0\" data-element_type=\"container\" data-e-type=\"container\">\n\t\t<div class=\"elementor-element elementor-element-c67d0dd e-con-full e-flex e-con e-child\" data-id=\"c67d0dd\" data-element_type=\"container\" data-e-type=\"container\">\n\t\t\t\t<div class=\"elementor-element elementor-element-23737ab acenter elementor-widget__width-initial elementor-widget elementor-widget-wgl-double-heading\" data-id=\"23737ab\" data-element_type=\"widget\" data-e-type=\"widget\" data-widget_type=\"wgl-double-heading.default\">\n\t\t\t\t<div class=\"elementor-widget-container\">\n\t\t\t\t\t<div class=\"wgl-double-heading\"><h5 class=\"dblh__subtitle\">Tonnellerie d\u2019Aquitaine<\/h5><h3 class=\"dblh__title-wrapper\"><span class=\"dblh__title dblh__title-1\">IL NOSTRO SAPERE FARE SI PERPETUA DAL 1860<\/span><\/h3><\/div>\t\t\t\t<\/div>\n\t\t\t\t<\/div>\n\t\t\t\t<div class=\"elementor-element elementor-element-47af4a6 elementor-widget elementor-widget-spacer\" data-id=\"47af4a6\" data-element_type=\"widget\" data-e-type=\"widget\" data-widget_type=\"spacer.default\">\n\t\t\t\t\t\t\t<div class=\"elementor-spacer\">\n\t\t\t<div class=\"elementor-spacer-inner\"><\/div>\n\t\t<\/div>\n\t\t\t\t\t\t<\/div>\n\t\t\t\t<div class=\"elementor-element elementor-element-06213f0 media_position-outer elementor-widget elementor-widget-wgl-time-line-vertical\" data-id=\"06213f0\" data-element_type=\"widget\" data-e-type=\"widget\" data-widget_type=\"wgl-time-line-vertical.default\">\n\t\t\t\t<div class=\"elementor-widget-container\">\n\t\t\t\t\t<div class=\"wgl-timeline-vertical appear_animation breakpoint_on-mobile\"><div class=\"tlv__items-wrapper elementor-repeater-item-545b7f5 \"><div class=\"tlv__item has_media\">\r\n                    <div class=\"tlv__curve-wrapper\">\r\n                        <div class=\"dot\"><\/div>\r\n                    <\/div>\r\n                    <div class=\"tlv__volume-wrapper\">\r\n                        <div class=\"tlv__content-wrapper\"><span class=\"tlv__bg_date\" data-text=\"1921\">1921<\/span><div class=\"tlv__content\"><div class=\"tlv__date-wrapper\"><span class=\"tlv__date\">1860-1921<\/span><\/div><h3 class=\"tlv__title\">Alle origini di un sapere fare familiare<\/h3><div class=\"tlv__text\"><p class=\"p1\">A Cazouls-l\u00e8s-B\u00e9ziers, Henri Julien esercita la professione di bottaio. Suo figlio, L\u00e9on Julien, fonda in seguito la fabbrica di vagoni-botte vicino alla stazione, segnando una nuova tappa nella storia familiare. <\/p>\n<p class=\"p1\">Al suo fianco, suo nipote L\u00e9on Jougla fa le sue prime esperienze, imparando il mestiere passo dopo passo fino a diventare caposquadra.<\/p>\n<\/div><\/div>\r\n                        <\/div>\r\n                    <\/div>\r\n                <\/div><div class=\"tlv__item image\">\r\n                    <div class=\"tlv__media\"><img decoding=\"async\" class=\"tlv__thumbnail--idle\" src=\"http:\/\/daquitaine.fr\/wp-content\/uploads\/2025\/11\/histoire-tonnellerie-daquitaine-1.jpg\" alt=\"histoire-tonnellerie-daquitaine-1\"\/><\/div>\r\n                <\/div><\/div><div class=\"tlv__items-wrapper elementor-repeater-item-25876ee \"><div class=\"tlv__item has_media\">\r\n                    <div class=\"tlv__curve-wrapper\">\r\n                        <div class=\"dot\"><\/div>\r\n                    <\/div>\r\n                    <div class=\"tlv__volume-wrapper\">\r\n                        <div class=\"tlv__content-wrapper\"><span class=\"tlv__bg_date\" data-text=\"1944\">1944<\/span><div class=\"tlv__content\"><h3 class=\"tlv__title\">Tonnellerie Jougla<\/h3><div class=\"tlv__text\"><p>Forte di questa esperienza, L\u00e9on Jougla crea la sua azienda: la Tonnellerie Jougla.<\/p>\n<\/div><\/div>\r\n                        <\/div>\r\n                    <\/div>\r\n                <\/div><div class=\"tlv__item image\">\r\n                    <div class=\"tlv__media\"><img decoding=\"async\" class=\"tlv__thumbnail--idle\" src=\"http:\/\/daquitaine.fr\/wp-content\/uploads\/2025\/11\/histoire-tonnellerie-daquitaine-2.jpg\" alt=\"histoire-tonnellerie-daquitaine-2\"\/><\/div>\r\n                <\/div><\/div><div class=\"tlv__items-wrapper elementor-repeater-item-10f3f4c \"><div class=\"tlv__item has_media\">\r\n                    <div class=\"tlv__curve-wrapper\">\r\n                        <div class=\"dot\"><\/div>\r\n                    <\/div>\r\n                    <div class=\"tlv__volume-wrapper\">\r\n                        <div class=\"tlv__content-wrapper\"><span class=\"tlv__bg_date\" data-text=\"1948\">1948<\/span><div class=\"tlv__content\"><h3 class=\"tlv__title\">L'azienda impiega quasi 100 operai<\/h3><div class=\"tlv__text\"><p>Diventando il 2\u00b0 datore di lavoro locale dopo i Julien. Claude, il figlio di L\u00e9on Jougla, vi entra in apprendistato. <\/p>\n<\/div><\/div>\r\n                        <\/div>\r\n                    <\/div>\r\n                <\/div><div class=\"tlv__item image\">\r\n                    <div class=\"tlv__media\"><img decoding=\"async\" class=\"tlv__thumbnail--idle\" src=\"http:\/\/daquitaine.fr\/wp-content\/uploads\/2025\/11\/histoire-tonnellerie-daquitaine-3.jpg\" alt=\"histoire-tonnellerie-daquitaine-3\"\/><\/div>\r\n                <\/div><\/div><div class=\"tlv__items-wrapper elementor-repeater-item-4d2bc0f \"><div class=\"tlv__item has_media\">\r\n                    <div class=\"tlv__curve-wrapper\">\r\n                        <div class=\"dot\"><\/div>\r\n                    <\/div>\r\n                    <div class=\"tlv__volume-wrapper\">\r\n                        <div class=\"tlv__content-wrapper\"><span class=\"tlv__bg_date\" data-text=\"1969\">1969<\/span><div class=\"tlv__content\"><h3 class=\"tlv__title\">Claude Jougla prende la successione<\/h3><div class=\"tlv__text\"><p>Visionario e appassionato, sviluppa l'attivit\u00e0 in Francia e difende ardentemente la superiorit\u00e0 del legno rispetto all'acciaio inossidabile.<\/p>\n<\/div><\/div>\r\n                        <\/div>\r\n                    <\/div>\r\n                <\/div><div class=\"tlv__item image\">\r\n                    <div class=\"tlv__media\"><img decoding=\"async\" class=\"tlv__thumbnail--idle\" src=\"http:\/\/daquitaine.fr\/wp-content\/uploads\/2025\/11\/histoire-tonnellerie-daquitaine-4.jpg\" alt=\"histoire-tonnellerie-daquitaine-4\"\/><\/div>\r\n                <\/div><\/div><div class=\"tlv__items-wrapper elementor-repeater-item-f6ec23a \"><div class=\"tlv__item has_media\">\r\n                    <div class=\"tlv__curve-wrapper\">\r\n                        <div class=\"dot\"><\/div>\r\n                    <\/div>\r\n                    <div class=\"tlv__volume-wrapper\">\r\n                        <div class=\"tlv__content-wrapper\"><span class=\"tlv__bg_date\" data-text=\"1970\">1970<\/span><div class=\"tlv__content\"><h3 class=\"tlv__title\">L'azienda si modernizza, pur mantenendo un sapere fare artigianale<\/h3><div class=\"tlv__text\"><p>Conquista nuovi mercati e avvia il suo sviluppo internazionale.<\/p>\n<\/div><\/div>\r\n                        <\/div>\r\n                    <\/div>\r\n                <\/div><div class=\"tlv__item image\">\r\n                    <div class=\"tlv__media\"><img decoding=\"async\" class=\"tlv__thumbnail--idle\" src=\"http:\/\/daquitaine.fr\/wp-content\/uploads\/2025\/11\/histoire-tonnellerie-daquitaine-5.jpg\" alt=\"histoire-tonnellerie-daquitaine-5\"\/><\/div>\r\n                <\/div><\/div><div class=\"tlv__items-wrapper elementor-repeater-item-d976adb \"><div class=\"tlv__item has_media\">\r\n                    <div class=\"tlv__curve-wrapper\">\r\n                        <div class=\"dot\"><\/div>\r\n                    <\/div>\r\n                    <div class=\"tlv__volume-wrapper\">\r\n                        <div class=\"tlv__content-wrapper\"><span class=\"tlv__bg_date\" data-text=\"1990\">1990<\/span><div class=\"tlv__content\"><h3 class=\"tlv__title\">70% della produzione esportata<\/h3><div class=\"tlv__text\"><p>Spagna, Australia, Cile, Argentina, California, Cina\u2026<\/p>\n<\/div><\/div>\r\n                        <\/div>\r\n                    <\/div>\r\n                <\/div><div class=\"tlv__item image\">\r\n                    <div class=\"tlv__media\"><img decoding=\"async\" class=\"tlv__thumbnail--idle\" src=\"http:\/\/daquitaine.fr\/wp-content\/uploads\/2025\/11\/histoire-tonnellerie-daquitaine-6.jpg\" alt=\"histoire-tonnellerie-daquitaine-6\"\/><\/div>\r\n                <\/div><\/div><div class=\"tlv__items-wrapper elementor-repeater-item-a853530 \"><div class=\"tlv__item has_media\">\r\n                    <div class=\"tlv__curve-wrapper\">\r\n                        <div class=\"dot\"><\/div>\r\n                    <\/div>\r\n                    <div class=\"tlv__volume-wrapper\">\r\n                        <div class=\"tlv__content-wrapper\"><span class=\"tlv__bg_date\" data-text=\"2000\">2000<\/span><div class=\"tlv__content\"><h3 class=\"tlv__title\">Tonnellerie d\u2019Aquitaine<\/h3><div class=\"tlv__text\"><p>La tonnellerie viene rilevata dalla famiglia Lasserre, con il nome \u201cTonnellerie d\u2019Aquitaine\u201d.<\/p>\n<\/div><\/div>\r\n                        <\/div>\r\n                    <\/div>\r\n                <\/div><div class=\"tlv__item image\">\r\n                    <div class=\"tlv__media\"><img decoding=\"async\" class=\"tlv__thumbnail--idle\" src=\"http:\/\/daquitaine.fr\/wp-content\/uploads\/2025\/11\/histoire-tonnellerie-daquitaine-7.jpg\" alt=\"histoire-tonnellerie-daquitaine-7\"\/><\/div>\r\n                <\/div><\/div><div class=\"tlv__items-wrapper elementor-repeater-item-e4199f2 \"><div class=\"tlv__item has_media\">\r\n                    <div class=\"tlv__curve-wrapper\">\r\n                        <div class=\"dot\"><\/div>\r\n                    <\/div>\r\n                    <div class=\"tlv__volume-wrapper\">\r\n                        <div class=\"tlv__content-wrapper\"><span class=\"tlv__bg_date\" data-text=\"2024\">2024<\/span><div class=\"tlv__content\"><h3 class=\"tlv__title\">Affiliazione al gruppo Canadell<\/h3><div class=\"tlv__text\"><p>La Tonnellerie d\u2019Aquitaine perpetua la trasmissione del sapere fare ancestrale dei maestri bottai al servizio della viticoltura d'eccellenza.<\/p>\n<\/div><\/div>\r\n                        <\/div>\r\n                    <\/div>\r\n                <\/div><div class=\"tlv__item image\">\r\n                    <div class=\"tlv__media\"><img decoding=\"async\" class=\"tlv__thumbnail--idle\" src=\"http:\/\/daquitaine.fr\/wp-content\/uploads\/2025\/11\/histoire-tonnellerie-daquitaine-8.jpg\" alt=\"histoire-tonnellerie-daquitaine-8\"\/><\/div>\r\n                <\/div><\/div><div class=\"tlv__item-start\"><\/div><div class=\"tlv__item-end\"><\/div><\/div>\t\t\t\t<\/div>\n\t\t\t\t<\/div>\n\t\t\t\t<\/div>\n\t\t\t\t<\/div>\n\t\t\t\t<\/div>\n\t\t","protected":false},"excerpt":{"rendered":"<p>Tonnellerie d\u2019Aquitaine IL NOSTRO SAPERE FARE SI PERPETUA DAL 1860 19211860-1921 Alle origini di un sapere fare familiare A Cazouls-l\u00e8s-B\u00e9ziers, Henri Julien esercita la professione di bottaio. Suo figlio, L\u00e9on Julien, fonda in seguito la fabbrica di vagoni-botte vicino alla stazione, segnando una nuova tappa nella storia familiare. Al suo fianco, suo nipote L\u00e9on Jougla [&hellip;]<\/p>\n","protected":false},"author":1,"featured_media":0,"parent":0,"menu_order":0,"comment_status":"closed","ping_status":"closed","template":"","meta":{"footnotes":""},"class_list":["post-5041","page","type-page","status-publish","hentry"],"yoast_head":"<!-- This site is optimized with the Yoast SEO plugin v27.6 - https:\/\/yoast.com\/product\/yoast-seo-wordpress\/ -->\n<title>La nostra storia | Tonnellerie d&#039;Aquitaine<\/title>\n<meta name=\"robots\" content=\"index, follow, max-snippet:-1, max-image-preview:large, max-video-preview:-1\" \/>\n<link rel=\"canonical\" href=\"https:\/\/daquitaine.fr\/it\/la-nostra-storia\/\" \/>\n<meta property=\"og:locale\" content=\"it_IT\" \/>\n<meta property=\"og:type\" content=\"article\" \/>\n<meta property=\"og:title\" content=\"La nostra storia | Tonnellerie d&#039;Aquitaine\" \/>\n<meta property=\"og:description\" content=\"Tonnellerie d\u2019Aquitaine IL NOSTRO SAPERE FARE SI PERPETUA DAL 1860 19211860-1921 Alle origini di un sapere fare familiare A Cazouls-l\u00e8s-B\u00e9ziers, Henri Julien esercita la professione di bottaio. Suo figlio, L\u00e9on Julien, fonda in seguito la fabbrica di vagoni-botte vicino alla stazione, segnando una nuova tappa nella storia familiare. Al suo fianco, suo nipote L\u00e9on Jougla [&hellip;]\" \/>\n<meta property=\"og:url\" content=\"https:\/\/daquitaine.fr\/it\/la-nostra-storia\/\" \/>\n<meta property=\"og:site_name\" content=\"Tonnellerie d&#039;Aquitaine\" \/>\n<meta property=\"article:modified_time\" content=\"2025-12-17T14:27:10+00:00\" \/>\n<meta property=\"og:image\" content=\"http:\/\/daquitaine.fr\/wp-content\/uploads\/2025\/11\/histoire-tonnellerie-daquitaine-1.jpg\" \/>\n<meta name=\"twitter:card\" content=\"summary_large_image\" \/>\n<meta name=\"twitter:label1\" content=\"Tempo di lettura stimato\" \/>\n\t<meta name=\"twitter:data1\" content=\"3 minuto\" \/>\n<script type=\"application\/ld+json\" class=\"yoast-schema-graph\">{\"@context\":\"https:\\\/\\\/schema.org\",\"@graph\":[{\"@type\":\"WebPage\",\"@id\":\"https:\\\/\\\/daquitaine.fr\\\/it\\\/la-nostra-storia\\\/\",\"url\":\"https:\\\/\\\/daquitaine.fr\\\/it\\\/la-nostra-storia\\\/\",\"name\":\"La nostra storia | Tonnellerie d&#039;Aquitaine\",\"isPartOf\":{\"@id\":\"https:\\\/\\\/daquitaine.fr\\\/it\\\/#website\"},\"primaryImageOfPage\":{\"@id\":\"https:\\\/\\\/daquitaine.fr\\\/it\\\/la-nostra-storia\\\/#primaryimage\"},\"image\":{\"@id\":\"https:\\\/\\\/daquitaine.fr\\\/it\\\/la-nostra-storia\\\/#primaryimage\"},\"thumbnailUrl\":\"http:\\\/\\\/daquitaine.fr\\\/wp-content\\\/uploads\\\/2025\\\/11\\\/histoire-tonnellerie-daquitaine-1.jpg\",\"datePublished\":\"2023-11-09T10:46:06+00:00\",\"dateModified\":\"2025-12-17T14:27:10+00:00\",\"breadcrumb\":{\"@id\":\"https:\\\/\\\/daquitaine.fr\\\/it\\\/la-nostra-storia\\\/#breadcrumb\"},\"inLanguage\":\"it-IT\",\"potentialAction\":[{\"@type\":\"ReadAction\",\"target\":[\"https:\\\/\\\/daquitaine.fr\\\/it\\\/la-nostra-storia\\\/\"]}]},{\"@type\":\"ImageObject\",\"inLanguage\":\"it-IT\",\"@id\":\"https:\\\/\\\/daquitaine.fr\\\/it\\\/la-nostra-storia\\\/#primaryimage\",\"url\":\"http:\\\/\\\/daquitaine.fr\\\/wp-content\\\/uploads\\\/2025\\\/11\\\/histoire-tonnellerie-daquitaine-1.jpg\",\"contentUrl\":\"http:\\\/\\\/daquitaine.fr\\\/wp-content\\\/uploads\\\/2025\\\/11\\\/histoire-tonnellerie-daquitaine-1.jpg\"},{\"@type\":\"BreadcrumbList\",\"@id\":\"https:\\\/\\\/daquitaine.fr\\\/it\\\/la-nostra-storia\\\/#breadcrumb\",\"itemListElement\":[{\"@type\":\"ListItem\",\"position\":1,\"name\":\"Accueil\",\"item\":\"https:\\\/\\\/daquitaine.fr\\\/it\\\/\"},{\"@type\":\"ListItem\",\"position\":2,\"name\":\"La nostra storia\"}]},{\"@type\":\"WebSite\",\"@id\":\"https:\\\/\\\/daquitaine.fr\\\/it\\\/#website\",\"url\":\"https:\\\/\\\/daquitaine.fr\\\/it\\\/\",\"name\":\"Tonnellerie d\u2019Aquitaine\",\"description\":\"\",\"potentialAction\":[{\"@type\":\"SearchAction\",\"target\":{\"@type\":\"EntryPoint\",\"urlTemplate\":\"https:\\\/\\\/daquitaine.fr\\\/it\\\/?s={search_term_string}\"},\"query-input\":{\"@type\":\"PropertyValueSpecification\",\"valueRequired\":true,\"valueName\":\"search_term_string\"}}],\"inLanguage\":\"it-IT\"}]}<\/script>\n<!-- \/ Yoast SEO plugin. -->","yoast_head_json":{"title":"La nostra storia | Tonnellerie d&#039;Aquitaine","robots":{"index":"index","follow":"follow","max-snippet":"max-snippet:-1","max-image-preview":"max-image-preview:large","max-video-preview":"max-video-preview:-1"},"canonical":"https:\/\/daquitaine.fr\/it\/la-nostra-storia\/","og_locale":"it_IT","og_type":"article","og_title":"La nostra storia | Tonnellerie d&#039;Aquitaine","og_description":"Tonnellerie d\u2019Aquitaine IL NOSTRO SAPERE FARE SI PERPETUA DAL 1860 19211860-1921 Alle origini di un sapere fare familiare A Cazouls-l\u00e8s-B\u00e9ziers, Henri Julien esercita la professione di bottaio. Suo figlio, L\u00e9on Julien, fonda in seguito la fabbrica di vagoni-botte vicino alla stazione, segnando una nuova tappa nella storia familiare. Al suo fianco, suo nipote L\u00e9on Jougla [&hellip;]","og_url":"https:\/\/daquitaine.fr\/it\/la-nostra-storia\/","og_site_name":"Tonnellerie d&#039;Aquitaine","article_modified_time":"2025-12-17T14:27:10+00:00","og_image":[{"url":"http:\/\/daquitaine.fr\/wp-content\/uploads\/2025\/11\/histoire-tonnellerie-daquitaine-1.jpg","type":"","width":"","height":""}],"twitter_card":"summary_large_image","twitter_misc":{"Tempo di lettura stimato":"3 minuto"},"schema":{"@context":"https:\/\/schema.org","@graph":[{"@type":"WebPage","@id":"https:\/\/daquitaine.fr\/it\/la-nostra-storia\/","url":"https:\/\/daquitaine.fr\/it\/la-nostra-storia\/","name":"La nostra storia | Tonnellerie d&#039;Aquitaine","isPartOf":{"@id":"https:\/\/daquitaine.fr\/it\/#website"},"primaryImageOfPage":{"@id":"https:\/\/daquitaine.fr\/it\/la-nostra-storia\/#primaryimage"},"image":{"@id":"https:\/\/daquitaine.fr\/it\/la-nostra-storia\/#primaryimage"},"thumbnailUrl":"http:\/\/daquitaine.fr\/wp-content\/uploads\/2025\/11\/histoire-tonnellerie-daquitaine-1.jpg","datePublished":"2023-11-09T10:46:06+00:00","dateModified":"2025-12-17T14:27:10+00:00","breadcrumb":{"@id":"https:\/\/daquitaine.fr\/it\/la-nostra-storia\/#breadcrumb"},"inLanguage":"it-IT","potentialAction":[{"@type":"ReadAction","target":["https:\/\/daquitaine.fr\/it\/la-nostra-storia\/"]}]},{"@type":"ImageObject","inLanguage":"it-IT","@id":"https:\/\/daquitaine.fr\/it\/la-nostra-storia\/#primaryimage","url":"http:\/\/daquitaine.fr\/wp-content\/uploads\/2025\/11\/histoire-tonnellerie-daquitaine-1.jpg","contentUrl":"http:\/\/daquitaine.fr\/wp-content\/uploads\/2025\/11\/histoire-tonnellerie-daquitaine-1.jpg"},{"@type":"BreadcrumbList","@id":"https:\/\/daquitaine.fr\/it\/la-nostra-storia\/#breadcrumb","itemListElement":[{"@type":"ListItem","position":1,"name":"Accueil","item":"https:\/\/daquitaine.fr\/it\/"},{"@type":"ListItem","position":2,"name":"La nostra storia"}]},{"@type":"WebSite","@id":"https:\/\/daquitaine.fr\/it\/#website","url":"https:\/\/daquitaine.fr\/it\/","name":"Tonnellerie d\u2019Aquitaine","description":"","potentialAction":[{"@type":"SearchAction","target":{"@type":"EntryPoint","urlTemplate":"https:\/\/daquitaine.fr\/it\/?s={search_term_string}"},"query-input":{"@type":"PropertyValueSpecification","valueRequired":true,"valueName":"search_term_string"}}],"inLanguage":"it-IT"}]}},"_links":{"self":[{"href":"https:\/\/daquitaine.fr\/it\/wp-json\/wp\/v2\/pages\/5041","targetHints":{"allow":["GET"]}}],"collection":[{"href":"https:\/\/daquitaine.fr\/it\/wp-json\/wp\/v2\/pages"}],"about":[{"href":"https:\/\/daquitaine.fr\/it\/wp-json\/wp\/v2\/types\/page"}],"author":[{"embeddable":true,"href":"https:\/\/daquitaine.fr\/it\/wp-json\/wp\/v2\/users\/1"}],"replies":[{"embeddable":true,"href":"https:\/\/daquitaine.fr\/it\/wp-json\/wp\/v2\/comments?post=5041"}],"version-history":[{"count":2,"href":"https:\/\/daquitaine.fr\/it\/wp-json\/wp\/v2\/pages\/5041\/revisions"}],"predecessor-version":[{"id":5045,"href":"https:\/\/daquitaine.fr\/it\/wp-json\/wp\/v2\/pages\/5041\/revisions\/5045"}],"wp:attachment":[{"href":"https:\/\/daquitaine.fr\/it\/wp-json\/wp\/v2\/media?parent=5041"}],"curies":[{"name":"wp","href":"https:\/\/api.w.org\/{rel}","templated":true}]}}