{"id":4416,"date":"2023-11-09T10:46:06","date_gmt":"2023-11-09T10:46:06","guid":{"rendered":"https:\/\/daquitaine.fr\/nuestra-historia\/"},"modified":"2025-12-22T13:47:09","modified_gmt":"2025-12-22T13:47:09","slug":"nuestra-historia","status":"publish","type":"page","link":"https:\/\/daquitaine.fr\/es\/nuestra-historia\/","title":{"rendered":"Nuestra historia"},"content":{"rendered":"\t\t<div data-elementor-type=\"wp-page\" data-elementor-id=\"4416\" class=\"elementor elementor-4416 elementor-1223\">\n\t\t\t\t<div class=\"elementor-element elementor-element-fdd94a0 e-con-full e-flex e-con e-parent\" data-id=\"fdd94a0\" data-element_type=\"container\" data-e-type=\"container\">\n\t\t<div class=\"elementor-element elementor-element-c67d0dd e-con-full e-flex e-con e-child\" data-id=\"c67d0dd\" data-element_type=\"container\" data-e-type=\"container\">\n\t\t\t\t<div class=\"elementor-element elementor-element-23737ab acenter elementor-widget__width-initial elementor-widget elementor-widget-wgl-double-heading\" data-id=\"23737ab\" data-element_type=\"widget\" data-e-type=\"widget\" data-widget_type=\"wgl-double-heading.default\">\n\t\t\t\t<div class=\"elementor-widget-container\">\n\t\t\t\t\t<div class=\"wgl-double-heading\"><h5 class=\"dblh__subtitle\">Tonnellerie d'Aquitaine<\/h5><h3 class=\"dblh__title-wrapper\"><span class=\"dblh__title dblh__title-1\">NUESTRO SABER HACER SE PERPET\u00daA DESDE 1860<\/span><\/h3><\/div>\t\t\t\t<\/div>\n\t\t\t\t<\/div>\n\t\t\t\t<div class=\"elementor-element elementor-element-47af4a6 elementor-widget elementor-widget-spacer\" data-id=\"47af4a6\" data-element_type=\"widget\" data-e-type=\"widget\" data-widget_type=\"spacer.default\">\n\t\t\t\t\t\t\t<div class=\"elementor-spacer\">\n\t\t\t<div class=\"elementor-spacer-inner\"><\/div>\n\t\t<\/div>\n\t\t\t\t\t\t<\/div>\n\t\t\t\t<div class=\"elementor-element elementor-element-06213f0 media_position-outer elementor-widget elementor-widget-wgl-time-line-vertical\" data-id=\"06213f0\" data-element_type=\"widget\" data-e-type=\"widget\" data-widget_type=\"wgl-time-line-vertical.default\">\n\t\t\t\t<div class=\"elementor-widget-container\">\n\t\t\t\t\t<div class=\"wgl-timeline-vertical appear_animation breakpoint_on-mobile\"><div class=\"tlv__items-wrapper elementor-repeater-item-545b7f5 \"><div class=\"tlv__item has_media\">\r\n                    <div class=\"tlv__curve-wrapper\">\r\n                        <div class=\"dot\"><\/div>\r\n                    <\/div>\r\n                    <div class=\"tlv__volume-wrapper\">\r\n                        <div class=\"tlv__content-wrapper\"><span class=\"tlv__bg_date\" data-text=\"1921\">1921<\/span><div class=\"tlv__content\"><div class=\"tlv__date-wrapper\"><span class=\"tlv__date\">1860-1921<\/span><\/div><h3 class=\"tlv__title\">Los or\u00edgenes de un saber hacer familiar<\/h3><div class=\"tlv__text\"><p class=\"p1\">En Cazouls-l\u00e8s-B\u00e9ziers, Henri Julien ejerce el oficio de tonelero. Su hijo, L\u00e9on Julien, despu\u00e8s funda la f\u00e1brica de vagones-cuba cerca de la estaci\u00f3n, marcando una nueva etapa en la historia familiar.<\/p><p class=\"p1\">A su lado, su sobrino L\u00e9on Jougla se forma, aprendiendo el oficio paso a paso hasta convertirse en capataz.<\/p><\/div><\/div>\r\n                        <\/div>\r\n                    <\/div>\r\n                <\/div><div class=\"tlv__item image\">\r\n                    <div class=\"tlv__media\"><img decoding=\"async\" class=\"tlv__thumbnail--idle\" src=\"http:\/\/daquitaine.fr\/wp-content\/uploads\/2025\/11\/histoire-tonnellerie-daquitaine-1.jpg\" alt=\"histoire-tonnellerie-daquitaine-1\"\/><\/div>\r\n                <\/div><\/div><div class=\"tlv__items-wrapper elementor-repeater-item-25876ee \"><div class=\"tlv__item has_media\">\r\n                    <div class=\"tlv__curve-wrapper\">\r\n                        <div class=\"dot\"><\/div>\r\n                    <\/div>\r\n                    <div class=\"tlv__volume-wrapper\">\r\n                        <div class=\"tlv__content-wrapper\"><span class=\"tlv__bg_date\" data-text=\"1944\">1944<\/span><div class=\"tlv__content\"><h3 class=\"tlv__title\">Tonnellerie Jougla<\/h3><div class=\"tlv__text\"><p>Con esta experiencia, L\u00e9on Jougla crea su propia empresa: la tonnellerie Jougla.<\/p><\/div><\/div>\r\n                        <\/div>\r\n                    <\/div>\r\n                <\/div><div class=\"tlv__item image\">\r\n                    <div class=\"tlv__media\"><img decoding=\"async\" class=\"tlv__thumbnail--idle\" src=\"http:\/\/daquitaine.fr\/wp-content\/uploads\/2025\/11\/histoire-tonnellerie-daquitaine-2.jpg\" alt=\"histoire-tonnellerie-daquitaine-2\"\/><\/div>\r\n                <\/div><\/div><div class=\"tlv__items-wrapper elementor-repeater-item-10f3f4c \"><div class=\"tlv__item has_media\">\r\n                    <div class=\"tlv__curve-wrapper\">\r\n                        <div class=\"dot\"><\/div>\r\n                    <\/div>\r\n                    <div class=\"tlv__volume-wrapper\">\r\n                        <div class=\"tlv__content-wrapper\"><span class=\"tlv__bg_date\" data-text=\"1948\">1948<\/span><div class=\"tlv__content\"><h3 class=\"tlv__title\">La empresa emplea cerca de 100 obreros,<\/h3><div class=\"tlv__text\"><p>convirti\u00e9ndose en el segundo empleador local despu\u00e9s de los Julien. Claude, el hijo de L\u00e9on Jougla, entra como aprendiz.<\/p><\/div><\/div>\r\n                        <\/div>\r\n                    <\/div>\r\n                <\/div><div class=\"tlv__item image\">\r\n                    <div class=\"tlv__media\"><img decoding=\"async\" class=\"tlv__thumbnail--idle\" src=\"http:\/\/daquitaine.fr\/wp-content\/uploads\/2025\/11\/histoire-tonnellerie-daquitaine-3.jpg\" alt=\"histoire-tonnellerie-daquitaine-3\"\/><\/div>\r\n                <\/div><\/div><div class=\"tlv__items-wrapper elementor-repeater-item-4d2bc0f \"><div class=\"tlv__item has_media\">\r\n                    <div class=\"tlv__curve-wrapper\">\r\n                        <div class=\"dot\"><\/div>\r\n                    <\/div>\r\n                    <div class=\"tlv__volume-wrapper\">\r\n                        <div class=\"tlv__content-wrapper\"><span class=\"tlv__bg_date\" data-text=\"1969\">1969<\/span><div class=\"tlv__content\"><h3 class=\"tlv__title\">Claude Jougla toma la sucesi\u00f3n<\/h3><div class=\"tlv__text\"><p>Visionario y apasionado, desarrolla la actividad en Francia y defiende ardientemente la superioridad de la madera frente al acero inoxidable.<\/p><\/div><\/div>\r\n                        <\/div>\r\n                    <\/div>\r\n                <\/div><div class=\"tlv__item image\">\r\n                    <div class=\"tlv__media\"><img decoding=\"async\" class=\"tlv__thumbnail--idle\" src=\"http:\/\/daquitaine.fr\/wp-content\/uploads\/2025\/11\/histoire-tonnellerie-daquitaine-4.jpg\" alt=\"histoire-tonnellerie-daquitaine-4\"\/><\/div>\r\n                <\/div><\/div><div class=\"tlv__items-wrapper elementor-repeater-item-f6ec23a \"><div class=\"tlv__item has_media\">\r\n                    <div class=\"tlv__curve-wrapper\">\r\n                        <div class=\"dot\"><\/div>\r\n                    <\/div>\r\n                    <div class=\"tlv__volume-wrapper\">\r\n                        <div class=\"tlv__content-wrapper\"><span class=\"tlv__bg_date\" data-text=\"1970\">1970<\/span><div class=\"tlv__content\"><h3 class=\"tlv__title\">La empresa se moderniza, manteniendo un saber hacer artesanal<\/h3><div class=\"tlv__text\"><p>Conquista nuevos mercados e inicia su expansi\u00f3n internacional.<\/p><\/div><\/div>\r\n                        <\/div>\r\n                    <\/div>\r\n                <\/div><div class=\"tlv__item image\">\r\n                    <div class=\"tlv__media\"><img decoding=\"async\" class=\"tlv__thumbnail--idle\" src=\"http:\/\/daquitaine.fr\/wp-content\/uploads\/2025\/11\/histoire-tonnellerie-daquitaine-5.jpg\" alt=\"histoire-tonnellerie-daquitaine-5\"\/><\/div>\r\n                <\/div><\/div><div class=\"tlv__items-wrapper elementor-repeater-item-d976adb \"><div class=\"tlv__item has_media\">\r\n                    <div class=\"tlv__curve-wrapper\">\r\n                        <div class=\"dot\"><\/div>\r\n                    <\/div>\r\n                    <div class=\"tlv__volume-wrapper\">\r\n                        <div class=\"tlv__content-wrapper\"><span class=\"tlv__bg_date\" data-text=\"1990\">1990<\/span><div class=\"tlv__content\"><h3 class=\"tlv__title\">70% de la producci\u00f3n exportada<\/h3><div class=\"tlv__text\"><p>Espa\u00f1a, Australia, Chile, Argentina, California, China\u2026<\/p><\/div><\/div>\r\n                        <\/div>\r\n                    <\/div>\r\n                <\/div><div class=\"tlv__item image\">\r\n                    <div class=\"tlv__media\"><img decoding=\"async\" class=\"tlv__thumbnail--idle\" src=\"http:\/\/daquitaine.fr\/wp-content\/uploads\/2025\/11\/histoire-tonnellerie-daquitaine-6.jpg\" alt=\"histoire-tonnellerie-daquitaine-6\"\/><\/div>\r\n                <\/div><\/div><div class=\"tlv__items-wrapper elementor-repeater-item-a853530 \"><div class=\"tlv__item has_media\">\r\n                    <div class=\"tlv__curve-wrapper\">\r\n                        <div class=\"dot\"><\/div>\r\n                    <\/div>\r\n                    <div class=\"tlv__volume-wrapper\">\r\n                        <div class=\"tlv__content-wrapper\"><span class=\"tlv__bg_date\" data-text=\"2000\">2000<\/span><div class=\"tlv__content\"><h3 class=\"tlv__title\">Tonnellerie d'Aquitaine<\/h3><div class=\"tlv__text\"><p>La tonnellerie es adquirida por la familia Lasserre, bajo el nombre \u00abTonnellerie d'Aquitaine\u00bb.<\/p><\/div><\/div>\r\n                        <\/div>\r\n                    <\/div>\r\n                <\/div><div class=\"tlv__item image\">\r\n                    <div class=\"tlv__media\"><img decoding=\"async\" class=\"tlv__thumbnail--idle\" src=\"http:\/\/daquitaine.fr\/wp-content\/uploads\/2025\/11\/histoire-tonnellerie-daquitaine-7.jpg\" alt=\"histoire-tonnellerie-daquitaine-7\"\/><\/div>\r\n                <\/div><\/div><div class=\"tlv__items-wrapper elementor-repeater-item-e4199f2 \"><div class=\"tlv__item has_media\">\r\n                    <div class=\"tlv__curve-wrapper\">\r\n                        <div class=\"dot\"><\/div>\r\n                    <\/div>\r\n                    <div class=\"tlv__volume-wrapper\">\r\n                        <div class=\"tlv__content-wrapper\"><span class=\"tlv__bg_date\" data-text=\"2024\">2024<\/span><div class=\"tlv__content\"><h3 class=\"tlv__title\">Incorporaci\u00f3n al grupo Canadell<\/h3><div class=\"tlv__text\"><p>La Tonnellerie d'Aquitaine perpet\u00faa la transmisi\u00f3n del saber hacer ancestral de los maestros toneleros al servicio de la viticultura de excelencia.<\/p><\/div><\/div>\r\n                        <\/div>\r\n                    <\/div>\r\n                <\/div><div class=\"tlv__item image\">\r\n                    <div class=\"tlv__media\"><img decoding=\"async\" class=\"tlv__thumbnail--idle\" src=\"http:\/\/daquitaine.fr\/wp-content\/uploads\/2025\/11\/histoire-tonnellerie-daquitaine-8.jpg\" alt=\"histoire-tonnellerie-daquitaine-8\"\/><\/div>\r\n                <\/div><\/div><div class=\"tlv__item-start\"><\/div><div class=\"tlv__item-end\"><\/div><\/div>\t\t\t\t<\/div>\n\t\t\t\t<\/div>\n\t\t\t\t<\/div>\n\t\t\t\t<\/div>\n\t\t\t\t<\/div>\n\t\t","protected":false},"excerpt":{"rendered":"<p>Tonnellerie d&#8217;Aquitaine NUESTRO SABER HACER SE PERPET\u00daA DESDE 1860 19211860-1921 Los or\u00edgenes de un saber hacer familiar En Cazouls-l\u00e8s-B\u00e9ziers, Henri Julien ejerce el oficio de tonelero. Su hijo, L\u00e9on Julien, despu\u00e8s funda la f\u00e1brica de vagones-cuba cerca de la estaci\u00f3n, marcando una nueva etapa en la historia familiar. A su lado, su sobrino L\u00e9on Jougla [&hellip;]<\/p>\n","protected":false},"author":1,"featured_media":0,"parent":0,"menu_order":0,"comment_status":"closed","ping_status":"closed","template":"","meta":{"footnotes":""},"class_list":["post-4416","page","type-page","status-publish","hentry"],"yoast_head":"<!-- This site is optimized with the Yoast SEO plugin v27.5 - https:\/\/yoast.com\/product\/yoast-seo-wordpress\/ -->\n<title>Nuestra historia | Tonnellerie d&#039;Aquitaine<\/title>\n<meta name=\"robots\" content=\"index, follow, max-snippet:-1, max-image-preview:large, max-video-preview:-1\" \/>\n<link rel=\"canonical\" href=\"https:\/\/daquitaine.fr\/es\/nuestra-historia\/\" \/>\n<meta property=\"og:locale\" content=\"es_ES\" \/>\n<meta property=\"og:type\" content=\"article\" \/>\n<meta property=\"og:title\" content=\"Nuestra historia | Tonnellerie d&#039;Aquitaine\" \/>\n<meta property=\"og:description\" content=\"Tonnellerie d&#8217;Aquitaine NUESTRO SABER HACER SE PERPET\u00daA DESDE 1860 19211860-1921 Los or\u00edgenes de un saber hacer familiar En Cazouls-l\u00e8s-B\u00e9ziers, Henri Julien ejerce el oficio de tonelero. Su hijo, L\u00e9on Julien, despu\u00e8s funda la f\u00e1brica de vagones-cuba cerca de la estaci\u00f3n, marcando una nueva etapa en la historia familiar. A su lado, su sobrino L\u00e9on Jougla [&hellip;]\" \/>\n<meta property=\"og:url\" content=\"https:\/\/daquitaine.fr\/es\/nuestra-historia\/\" \/>\n<meta property=\"og:site_name\" content=\"Tonnellerie d&#039;Aquitaine\" \/>\n<meta property=\"article:modified_time\" content=\"2025-12-22T13:47:09+00:00\" \/>\n<meta property=\"og:image\" content=\"http:\/\/daquitaine.fr\/wp-content\/uploads\/2025\/11\/histoire-tonnellerie-daquitaine-1.jpg\" \/>\n<meta name=\"twitter:card\" content=\"summary_large_image\" \/>\n<meta name=\"twitter:label1\" content=\"Tiempo de lectura\" \/>\n\t<meta name=\"twitter:data1\" content=\"3 minuto\" \/>\n<script type=\"application\/ld+json\" class=\"yoast-schema-graph\">{\"@context\":\"https:\\\/\\\/schema.org\",\"@graph\":[{\"@type\":\"WebPage\",\"@id\":\"https:\\\/\\\/daquitaine.fr\\\/es\\\/nuestra-historia\\\/\",\"url\":\"https:\\\/\\\/daquitaine.fr\\\/es\\\/nuestra-historia\\\/\",\"name\":\"Nuestra historia | Tonnellerie d&#039;Aquitaine\",\"isPartOf\":{\"@id\":\"https:\\\/\\\/daquitaine.fr\\\/es\\\/#website\"},\"primaryImageOfPage\":{\"@id\":\"https:\\\/\\\/daquitaine.fr\\\/es\\\/nuestra-historia\\\/#primaryimage\"},\"image\":{\"@id\":\"https:\\\/\\\/daquitaine.fr\\\/es\\\/nuestra-historia\\\/#primaryimage\"},\"thumbnailUrl\":\"http:\\\/\\\/daquitaine.fr\\\/wp-content\\\/uploads\\\/2025\\\/11\\\/histoire-tonnellerie-daquitaine-1.jpg\",\"datePublished\":\"2023-11-09T10:46:06+00:00\",\"dateModified\":\"2025-12-22T13:47:09+00:00\",\"breadcrumb\":{\"@id\":\"https:\\\/\\\/daquitaine.fr\\\/es\\\/nuestra-historia\\\/#breadcrumb\"},\"inLanguage\":\"es\",\"potentialAction\":[{\"@type\":\"ReadAction\",\"target\":[\"https:\\\/\\\/daquitaine.fr\\\/es\\\/nuestra-historia\\\/\"]}]},{\"@type\":\"ImageObject\",\"inLanguage\":\"es\",\"@id\":\"https:\\\/\\\/daquitaine.fr\\\/es\\\/nuestra-historia\\\/#primaryimage\",\"url\":\"http:\\\/\\\/daquitaine.fr\\\/wp-content\\\/uploads\\\/2025\\\/11\\\/histoire-tonnellerie-daquitaine-1.jpg\",\"contentUrl\":\"http:\\\/\\\/daquitaine.fr\\\/wp-content\\\/uploads\\\/2025\\\/11\\\/histoire-tonnellerie-daquitaine-1.jpg\"},{\"@type\":\"BreadcrumbList\",\"@id\":\"https:\\\/\\\/daquitaine.fr\\\/es\\\/nuestra-historia\\\/#breadcrumb\",\"itemListElement\":[{\"@type\":\"ListItem\",\"position\":1,\"name\":\"Inicio\",\"item\":\"https:\\\/\\\/daquitaine.fr\\\/es\\\/\"},{\"@type\":\"ListItem\",\"position\":2,\"name\":\"Nuestra historia\"}]},{\"@type\":\"WebSite\",\"@id\":\"https:\\\/\\\/daquitaine.fr\\\/es\\\/#website\",\"url\":\"https:\\\/\\\/daquitaine.fr\\\/es\\\/\",\"name\":\"Tonnellerie d\u2019Aquitaine\",\"description\":\"\",\"potentialAction\":[{\"@type\":\"SearchAction\",\"target\":{\"@type\":\"EntryPoint\",\"urlTemplate\":\"https:\\\/\\\/daquitaine.fr\\\/es\\\/?s={search_term_string}\"},\"query-input\":{\"@type\":\"PropertyValueSpecification\",\"valueRequired\":true,\"valueName\":\"search_term_string\"}}],\"inLanguage\":\"es\"}]}<\/script>\n<!-- \/ Yoast SEO plugin. -->","yoast_head_json":{"title":"Nuestra historia | Tonnellerie d&#039;Aquitaine","robots":{"index":"index","follow":"follow","max-snippet":"max-snippet:-1","max-image-preview":"max-image-preview:large","max-video-preview":"max-video-preview:-1"},"canonical":"https:\/\/daquitaine.fr\/es\/nuestra-historia\/","og_locale":"es_ES","og_type":"article","og_title":"Nuestra historia | Tonnellerie d&#039;Aquitaine","og_description":"Tonnellerie d&#8217;Aquitaine NUESTRO SABER HACER SE PERPET\u00daA DESDE 1860 19211860-1921 Los or\u00edgenes de un saber hacer familiar En Cazouls-l\u00e8s-B\u00e9ziers, Henri Julien ejerce el oficio de tonelero. Su hijo, L\u00e9on Julien, despu\u00e8s funda la f\u00e1brica de vagones-cuba cerca de la estaci\u00f3n, marcando una nueva etapa en la historia familiar. A su lado, su sobrino L\u00e9on Jougla [&hellip;]","og_url":"https:\/\/daquitaine.fr\/es\/nuestra-historia\/","og_site_name":"Tonnellerie d&#039;Aquitaine","article_modified_time":"2025-12-22T13:47:09+00:00","og_image":[{"url":"http:\/\/daquitaine.fr\/wp-content\/uploads\/2025\/11\/histoire-tonnellerie-daquitaine-1.jpg","type":"","width":"","height":""}],"twitter_card":"summary_large_image","twitter_misc":{"Tiempo de lectura":"3 minuto"},"schema":{"@context":"https:\/\/schema.org","@graph":[{"@type":"WebPage","@id":"https:\/\/daquitaine.fr\/es\/nuestra-historia\/","url":"https:\/\/daquitaine.fr\/es\/nuestra-historia\/","name":"Nuestra historia | Tonnellerie d&#039;Aquitaine","isPartOf":{"@id":"https:\/\/daquitaine.fr\/es\/#website"},"primaryImageOfPage":{"@id":"https:\/\/daquitaine.fr\/es\/nuestra-historia\/#primaryimage"},"image":{"@id":"https:\/\/daquitaine.fr\/es\/nuestra-historia\/#primaryimage"},"thumbnailUrl":"http:\/\/daquitaine.fr\/wp-content\/uploads\/2025\/11\/histoire-tonnellerie-daquitaine-1.jpg","datePublished":"2023-11-09T10:46:06+00:00","dateModified":"2025-12-22T13:47:09+00:00","breadcrumb":{"@id":"https:\/\/daquitaine.fr\/es\/nuestra-historia\/#breadcrumb"},"inLanguage":"es","potentialAction":[{"@type":"ReadAction","target":["https:\/\/daquitaine.fr\/es\/nuestra-historia\/"]}]},{"@type":"ImageObject","inLanguage":"es","@id":"https:\/\/daquitaine.fr\/es\/nuestra-historia\/#primaryimage","url":"http:\/\/daquitaine.fr\/wp-content\/uploads\/2025\/11\/histoire-tonnellerie-daquitaine-1.jpg","contentUrl":"http:\/\/daquitaine.fr\/wp-content\/uploads\/2025\/11\/histoire-tonnellerie-daquitaine-1.jpg"},{"@type":"BreadcrumbList","@id":"https:\/\/daquitaine.fr\/es\/nuestra-historia\/#breadcrumb","itemListElement":[{"@type":"ListItem","position":1,"name":"Inicio","item":"https:\/\/daquitaine.fr\/es\/"},{"@type":"ListItem","position":2,"name":"Nuestra historia"}]},{"@type":"WebSite","@id":"https:\/\/daquitaine.fr\/es\/#website","url":"https:\/\/daquitaine.fr\/es\/","name":"Tonnellerie d\u2019Aquitaine","description":"","potentialAction":[{"@type":"SearchAction","target":{"@type":"EntryPoint","urlTemplate":"https:\/\/daquitaine.fr\/es\/?s={search_term_string}"},"query-input":{"@type":"PropertyValueSpecification","valueRequired":true,"valueName":"search_term_string"}}],"inLanguage":"es"}]}},"_links":{"self":[{"href":"https:\/\/daquitaine.fr\/es\/wp-json\/wp\/v2\/pages\/4416","targetHints":{"allow":["GET"]}}],"collection":[{"href":"https:\/\/daquitaine.fr\/es\/wp-json\/wp\/v2\/pages"}],"about":[{"href":"https:\/\/daquitaine.fr\/es\/wp-json\/wp\/v2\/types\/page"}],"author":[{"embeddable":true,"href":"https:\/\/daquitaine.fr\/es\/wp-json\/wp\/v2\/users\/1"}],"replies":[{"embeddable":true,"href":"https:\/\/daquitaine.fr\/es\/wp-json\/wp\/v2\/comments?post=4416"}],"version-history":[{"count":5,"href":"https:\/\/daquitaine.fr\/es\/wp-json\/wp\/v2\/pages\/4416\/revisions"}],"predecessor-version":[{"id":5321,"href":"https:\/\/daquitaine.fr\/es\/wp-json\/wp\/v2\/pages\/4416\/revisions\/5321"}],"wp:attachment":[{"href":"https:\/\/daquitaine.fr\/es\/wp-json\/wp\/v2\/media?parent=4416"}],"curies":[{"name":"wp","href":"https:\/\/api.w.org\/{rel}","templated":true}]}}