{"id":4433,"date":"2023-11-03T11:14:32","date_gmt":"2023-11-03T11:14:32","guid":{"rendered":"https:\/\/daquitaine.fr\/contact\/"},"modified":"2025-12-16T09:07:33","modified_gmt":"2025-12-16T09:07:33","slug":"contact","status":"publish","type":"page","link":"https:\/\/daquitaine.fr\/en\/contact\/","title":{"rendered":"Contact"},"content":{"rendered":"\t\t<div data-elementor-type=\"wp-page\" data-elementor-id=\"4433\" class=\"elementor elementor-4433 elementor-313\">\n\t\t\t\t<div class=\"elementor-element elementor-element-bb74716 e-flex e-con-boxed e-con e-parent\" data-id=\"bb74716\" data-element_type=\"container\" data-e-type=\"container\" data-settings=\"{&quot;background_background&quot;:&quot;classic&quot;}\">\n\t\t\t\t\t<div class=\"e-con-inner\">\n\t\t\t\t<div class=\"elementor-element elementor-element-67dabc8 acenter elementor-widget__width-initial elementor-widget elementor-widget-wgl-double-heading\" data-id=\"67dabc8\" data-element_type=\"widget\" data-e-type=\"widget\" data-widget_type=\"wgl-double-heading.default\">\n\t\t\t\t<div class=\"elementor-widget-container\">\n\t\t\t\t\t<div class=\"wgl-double-heading\"><h5 class=\"dblh__subtitle\">CONTACT US<\/h5><h3 class=\"dblh__title-wrapper\"><span class=\"dblh__title dblh__title-1\">YOUR TECHNICAL CONTACTS<\/span><\/h3><\/div>\t\t\t\t<\/div>\n\t\t\t\t<\/div>\n\t\t\t\t<div class=\"elementor-element elementor-element-88a3ed4 elementor-widget elementor-widget-image\" data-id=\"88a3ed4\" data-element_type=\"widget\" data-e-type=\"widget\" data-widget_type=\"image.default\">\n\t\t\t\t\t\t\t\t\t\t\t\t\t\t\t<img fetchpriority=\"high\" decoding=\"async\" width=\"1024\" height=\"531\" src=\"https:\/\/daquitaine.fr\/wp-content\/uploads\/2025\/11\/world-map-1024x531.png\" class=\"attachment-large size-large wp-image-4434\" alt=\"\" srcset=\"https:\/\/daquitaine.fr\/wp-content\/uploads\/2025\/11\/world-map-1024x531.png 1024w, https:\/\/daquitaine.fr\/wp-content\/uploads\/2025\/11\/world-map-300x156.png 300w, https:\/\/daquitaine.fr\/wp-content\/uploads\/2025\/11\/world-map-768x399.png 768w, https:\/\/daquitaine.fr\/wp-content\/uploads\/2025\/11\/world-map-1536x797.png 1536w, https:\/\/daquitaine.fr\/wp-content\/uploads\/2025\/11\/world-map.png 2000w\" sizes=\"(max-width: 1024px) 100vw, 1024px\" \/>\t\t\t\t\t\t\t\t\t\t\t\t\t\t\t<\/div>\n\t\t\t\t\t<\/div>\n\t\t\t\t<\/div>\n\t\t<div class=\"elementor-element elementor-element-b247703 e-grid e-con-boxed e-con e-parent\" data-id=\"b247703\" data-element_type=\"container\" data-e-type=\"container\">\n\t\t\t\t\t<div class=\"e-con-inner\">\n\t\t\t\t<div class=\"elementor-element elementor-element-c8cacf3 aleft elementor-widget-icon-box wgl-icon-box elementor-view-default elementor-widget elementor-widget-wgl-info-box\" data-id=\"c8cacf3\" data-element_type=\"widget\" data-e-type=\"widget\" data-widget_type=\"wgl-info-box.default\">\n\t\t\t\t<div class=\"elementor-widget-container\">\n\t\t\t\t\t<div class=\"wgl-infobox_bg_wrapper\"><\/div><div class=\"wgl-infobox\"><div class=\"wgl-infobox_wrapper wgl-layout-top\"><div class=\"content_wrapper\"><div class=\"wgl-infobox-title_wrapper\"><h3 class=\"wgl-infobox_title\"><span class=\"wgl-infobox_title-idle\">FRANCE<\/span><\/h3><div class=\"wgl-infobox_subtitle\">Fr\u00e9d\u00e9ric NAUD<\/div><\/div><div class=\"wgl-infobox_content\"><p><span data-metadata=\"&lt;!--(figmeta)eyJmaWxlS2V5IjoiZG1oNXZFc0x6MGpMVHp6R3dNMklSayIsInBhc3RlSUQiOjk1NTE1NDk1MSwiZGF0YVR5cGUiOiJzY2VuZSJ9Cg==(\/figmeta)--&gt;\"><br><br><\/span>+33 (0)7 88 59 56 55<br>f.naud@daquitaine.fr<\/p><\/div><\/div><\/div><\/div>\t\t\t\t<\/div>\n\t\t\t\t<\/div>\n\t\t\t\t<div class=\"elementor-element elementor-element-71a7b81 aleft elementor-widget-icon-box wgl-icon-box elementor-view-default elementor-widget elementor-widget-wgl-info-box\" data-id=\"71a7b81\" data-element_type=\"widget\" data-e-type=\"widget\" data-widget_type=\"wgl-info-box.default\">\n\t\t\t\t<div class=\"elementor-widget-container\">\n\t\t\t\t\t<div class=\"wgl-infobox_bg_wrapper\"><\/div><div class=\"wgl-infobox\"><div class=\"wgl-infobox_wrapper wgl-layout-top\"><div class=\"content_wrapper\"><div class=\"wgl-infobox-title_wrapper\"><h3 class=\"wgl-infobox_title\"><span class=\"wgl-infobox_title-idle\">SPAIN<\/span><\/h3><div class=\"wgl-infobox_subtitle\">Carlota RUP\u00c9REZ<\/div><\/div><div class=\"wgl-infobox_content\"><p><span data-metadata=\"&lt;!--(figmeta)eyJmaWxlS2V5IjoiZG1oNXZFc0x6MGpMVHp6R3dNMklSayIsInBhc3RlSUQiOjk1NTE1NDk1MSwiZGF0YVR5cGUiOiJzY2VuZSJ9Cg==(\/figmeta)--&gt;\"><br><\/span>WIBERICA BIOTEC SL<br>+34 611 54 24 29<br>carlota@wiberica.com<\/p><\/div><\/div><\/div><\/div>\t\t\t\t<\/div>\n\t\t\t\t<\/div>\n\t\t\t\t<div class=\"elementor-element elementor-element-2626138 aleft elementor-widget-icon-box wgl-icon-box elementor-view-default elementor-widget elementor-widget-wgl-info-box\" data-id=\"2626138\" data-element_type=\"widget\" data-e-type=\"widget\" data-widget_type=\"wgl-info-box.default\">\n\t\t\t\t<div class=\"elementor-widget-container\">\n\t\t\t\t\t<div class=\"wgl-infobox_bg_wrapper\"><\/div><div class=\"wgl-infobox\"><div class=\"wgl-infobox_wrapper wgl-layout-top\"><div class=\"content_wrapper\"><div class=\"wgl-infobox-title_wrapper\"><h3 class=\"wgl-infobox_title\"><span class=\"wgl-infobox_title-idle\">CANADA<\/span><\/h3><div class=\"wgl-infobox_subtitle\">Garett SAVAGE<\/div><\/div><div class=\"wgl-infobox_content\"><p><span data-metadata=\"&lt;!--(figmeta)eyJmaWxlS2V5IjoiZG1oNXZFc0x6MGpMVHp6R3dNMklSayIsInBhc3RlSUQiOjk1NTE1NDk1MSwiZGF0YVR5cGUiOiJzY2VuZSJ9Cg==(\/figmeta)--&gt;\"><br><br><\/span>+1 (707) 332-6823<br>g.savage@daquitaine.fr<\/p><\/div><\/div><\/div><\/div>\t\t\t\t<\/div>\n\t\t\t\t<\/div>\n\t\t\t\t<div class=\"elementor-element elementor-element-65fdfe6 aleft elementor-widget-icon-box wgl-icon-box elementor-view-default elementor-widget elementor-widget-wgl-info-box\" data-id=\"65fdfe6\" data-element_type=\"widget\" data-e-type=\"widget\" data-widget_type=\"wgl-info-box.default\">\n\t\t\t\t<div class=\"elementor-widget-container\">\n\t\t\t\t\t<div class=\"wgl-infobox_bg_wrapper\"><\/div><div class=\"wgl-infobox\"><div class=\"wgl-infobox_wrapper wgl-layout-top\"><div class=\"content_wrapper\"><div class=\"wgl-infobox-title_wrapper\"><h3 class=\"wgl-infobox_title\"><span class=\"wgl-infobox_title-idle\">AUSTRALIA<\/span><\/h3><div class=\"wgl-infobox_subtitle\">Scott KALMS<\/div><\/div><div class=\"wgl-infobox_content\"><p><span data-metadata=\"&lt;!--(figmeta)eyJmaWxlS2V5IjoiZG1oNXZFc0x6MGpMVHp6R3dNMklSayIsInBhc3RlSUQiOjk1NTE1NDk1MSwiZGF0YVR5cGUiOiJzY2VuZSJ9Cg==(\/figmeta)--&gt;\"><\/span>ABEVE<br>Free Call Aust: 1300 768 976<br>+61 (0) 425774988<br>scott@abeve.com.au<\/p><\/div><\/div><\/div><\/div>\t\t\t\t<\/div>\n\t\t\t\t<\/div>\n\t\t\t\t<div class=\"elementor-element elementor-element-823b0bd aleft elementor-widget-icon-box wgl-icon-box elementor-view-default elementor-widget elementor-widget-wgl-info-box\" data-id=\"823b0bd\" data-element_type=\"widget\" data-e-type=\"widget\" data-widget_type=\"wgl-info-box.default\">\n\t\t\t\t<div class=\"elementor-widget-container\">\n\t\t\t\t\t<div class=\"wgl-infobox_bg_wrapper\"><\/div><div class=\"wgl-infobox\"><div class=\"wgl-infobox_wrapper wgl-layout-top\"><div class=\"content_wrapper\"><div class=\"wgl-infobox-title_wrapper\"><h3 class=\"wgl-infobox_title\"><span class=\"wgl-infobox_title-idle\">U.S.A. <br>West Coast<\/span><\/h3><div class=\"wgl-infobox_subtitle\">Garett SAVAGE<\/div><\/div><div class=\"wgl-infobox_content\"><p> <\/p><p>+1 (707) 332-6823<br>g.savage@daquitaine.fr<\/p><\/div><\/div><\/div><\/div>\t\t\t\t<\/div>\n\t\t\t\t<\/div>\n\t\t\t\t<div class=\"elementor-element elementor-element-f02c800 aleft elementor-widget-icon-box wgl-icon-box elementor-view-default elementor-widget elementor-widget-wgl-info-box\" data-id=\"f02c800\" data-element_type=\"widget\" data-e-type=\"widget\" data-widget_type=\"wgl-info-box.default\">\n\t\t\t\t<div class=\"elementor-widget-container\">\n\t\t\t\t\t<div class=\"wgl-infobox_bg_wrapper\"><\/div><div class=\"wgl-infobox\"><div class=\"wgl-infobox_wrapper wgl-layout-top\"><div class=\"content_wrapper\"><div class=\"wgl-infobox-title_wrapper\"><h3 class=\"wgl-infobox_title\"><span class=\"wgl-infobox_title-idle\">U.S.A. Northern Virginia<\/span><\/h3><div class=\"wgl-infobox_subtitle\">Nate WALSH<\/div><\/div><div class=\"wgl-infobox_content\"><p> <\/p><p>+1 (804) 350 5956<br>nate@walshfamilywine.com<\/p><\/div><\/div><\/div><\/div>\t\t\t\t<\/div>\n\t\t\t\t<\/div>\n\t\t\t\t<div class=\"elementor-element elementor-element-a0f0bfb aleft elementor-widget-icon-box wgl-icon-box elementor-view-default elementor-widget elementor-widget-wgl-info-box\" data-id=\"a0f0bfb\" data-element_type=\"widget\" data-e-type=\"widget\" data-widget_type=\"wgl-info-box.default\">\n\t\t\t\t<div class=\"elementor-widget-container\">\n\t\t\t\t\t<div class=\"wgl-infobox_bg_wrapper\"><\/div><div class=\"wgl-infobox\"><div class=\"wgl-infobox_wrapper wgl-layout-top\"><div class=\"content_wrapper\"><div class=\"wgl-infobox-title_wrapper\"><h3 class=\"wgl-infobox_title\"><span class=\"wgl-infobox_title-idle\">U.S.A. <br>OTHER STATES<\/span><\/h3><div class=\"wgl-infobox_subtitle\">Garett SAVAGE<\/div><\/div><div class=\"wgl-infobox_content\"><p> <\/p><p>+1 (707) 332-6823<br>g.savage@daquitaine.fr<\/p><\/div><\/div><\/div><\/div>\t\t\t\t<\/div>\n\t\t\t\t<\/div>\n\t\t\t\t<div class=\"elementor-element elementor-element-41bb5fd aleft elementor-widget-icon-box wgl-icon-box elementor-view-default elementor-widget elementor-widget-wgl-info-box\" data-id=\"41bb5fd\" data-element_type=\"widget\" data-e-type=\"widget\" data-widget_type=\"wgl-info-box.default\">\n\t\t\t\t<div class=\"elementor-widget-container\">\n\t\t\t\t\t<div class=\"wgl-infobox_bg_wrapper\"><\/div><div class=\"wgl-infobox\"><div class=\"wgl-infobox_wrapper wgl-layout-top\"><div class=\"content_wrapper\"><div class=\"wgl-infobox-title_wrapper\"><h3 class=\"wgl-infobox_title\"><span class=\"wgl-infobox_title-idle\">SOUTH AFRICA<\/span><\/h3><div class=\"wgl-infobox_subtitle\">Miguel RIBAS<\/div><\/div><div class=\"wgl-infobox_content\"><p>RR WINE TECHNOLOGIES<br>Mobile: +27 (0)72 710 3851<br>Tel: +27 (0)21 851 1348<br>miguel@rrcork.com<\/p><\/div><\/div><\/div><\/div>\t\t\t\t<\/div>\n\t\t\t\t<\/div>\n\t\t\t\t<div class=\"elementor-element elementor-element-e5de67f aleft elementor-widget-icon-box wgl-icon-box elementor-view-default elementor-widget elementor-widget-wgl-info-box\" data-id=\"e5de67f\" data-element_type=\"widget\" data-e-type=\"widget\" data-widget_type=\"wgl-info-box.default\">\n\t\t\t\t<div class=\"elementor-widget-container\">\n\t\t\t\t\t<div class=\"wgl-infobox_bg_wrapper\"><\/div><div class=\"wgl-infobox\"><div class=\"wgl-infobox_wrapper wgl-layout-top\"><div class=\"content_wrapper\"><div class=\"wgl-infobox-title_wrapper\"><h3 class=\"wgl-infobox_title\"><span class=\"wgl-infobox_title-idle\"><br>OTHER COUNTRIES<\/span><\/h3><div class=\"wgl-infobox_subtitle\">Fr\u00e9d\u00e9ric NAUD<\/div><\/div><div class=\"wgl-infobox_content\"><p> <\/p><p>+33 (0)7 88 59 56 55<br>f.naud@daquitaine.fr<\/p><\/div><\/div><\/div><\/div>\t\t\t\t<\/div>\n\t\t\t\t<\/div>\n\t\t\t\t\t<\/div>\n\t\t\t\t<\/div>\n\t\t<div class=\"elementor-element elementor-element-3f97ac6 e-flex e-con-boxed e-con e-parent\" data-id=\"3f97ac6\" data-element_type=\"container\" data-e-type=\"container\">\n\t\t\t\t\t<div class=\"e-con-inner\">\n\t\t<div class=\"elementor-element elementor-element-00d3ff7 e-flex e-con-boxed e-con e-child\" data-id=\"00d3ff7\" data-element_type=\"container\" data-e-type=\"container\">\n\t\t\t\t\t<div class=\"e-con-inner\">\n\t\t\t\t<div class=\"elementor-element elementor-element-5fa1016 acenter elementor-widget__width-initial elementor-widget elementor-widget-wgl-double-heading\" data-id=\"5fa1016\" data-element_type=\"widget\" data-e-type=\"widget\" data-widget_type=\"wgl-double-heading.default\">\n\t\t\t\t<div class=\"elementor-widget-container\">\n\t\t\t\t\t<div class=\"wgl-double-heading\"><h3 class=\"dblh__title-wrapper\"><span class=\"dblh__title dblh__title-1\">CONTACT US<\/span><\/h3><\/div>\t\t\t\t<\/div>\n\t\t\t\t<\/div>\n\t\t\t\t<div class=\"elementor-element elementor-element-0f1b934 elementor-widget elementor-widget-spacer\" data-id=\"0f1b934\" data-element_type=\"widget\" data-e-type=\"widget\" data-widget_type=\"spacer.default\">\n\t\t\t\t\t\t\t<div class=\"elementor-spacer\">\n\t\t\t<div class=\"elementor-spacer-inner\"><\/div>\n\t\t<\/div>\n\t\t\t\t\t\t<\/div>\n\t\t\t\t<div class=\"elementor-element elementor-element-d3d7521 elementor-widget__width-initial elementor-widget-mobile__width-initial aleft elementor-widget elementor-widget-wgl-contact-form-7\" data-id=\"d3d7521\" data-element_type=\"widget\" data-e-type=\"widget\" data-widget_type=\"wgl-contact-form-7.default\">\n\t\t\t\t<div class=\"elementor-widget-container\">\n\t\t\t\t\t<div class=\"wgl-contact-form-7\">\n<div class=\"wpcf7 no-js\" id=\"wpcf7-f4602-o1\" lang=\"en-US\" dir=\"ltr\" data-wpcf7-id=\"4602\">\n<div class=\"screen-reader-response\"><p role=\"status\" aria-live=\"polite\" aria-atomic=\"true\"><\/p> <ul><\/ul><\/div>\n<form action=\"\/en\/wp-json\/wp\/v2\/pages\/4433#wpcf7-f4602-o1\" method=\"post\" class=\"wpcf7-form init\" aria-label=\"Contact form\" novalidate=\"novalidate\" data-status=\"init\">\n<fieldset class=\"hidden-fields-container\"><input type=\"hidden\" name=\"_wpcf7\" value=\"4602\" \/><input type=\"hidden\" name=\"_wpcf7_version\" value=\"6.1.5\" \/><input type=\"hidden\" name=\"_wpcf7_locale\" value=\"en_US\" \/><input type=\"hidden\" name=\"_wpcf7_unit_tag\" value=\"wpcf7-f4602-o1\" \/><input type=\"hidden\" name=\"_wpcf7_container_post\" value=\"0\" \/><input type=\"hidden\" name=\"_wpcf7_posted_data_hash\" value=\"\" \/>\n<\/fieldset>\n<label> Your Name\n    <span class=\"wpcf7-form-control-wrap\" data-name=\"your-name\"><input size=\"40\" maxlength=\"400\" class=\"wpcf7-form-control wpcf7-text wpcf7-validates-as-required\" autocomplete=\"name\" aria-required=\"true\" aria-invalid=\"false\" value=\"\" type=\"text\" name=\"your-name\" \/><\/span> <\/label>\n\n<label> Your Email\n    <span class=\"wpcf7-form-control-wrap\" data-name=\"your-email\"><input size=\"40\" maxlength=\"400\" class=\"wpcf7-form-control wpcf7-email wpcf7-validates-as-required wpcf7-text wpcf7-validates-as-email\" autocomplete=\"email\" aria-required=\"true\" aria-invalid=\"false\" value=\"\" type=\"email\" name=\"your-email\" \/><\/span> <\/label>\n\n<label> Subject\n    <span class=\"wpcf7-form-control-wrap\" data-name=\"your-subject\"><input size=\"40\" maxlength=\"400\" class=\"wpcf7-form-control wpcf7-text wpcf7-validates-as-required\" aria-required=\"true\" aria-invalid=\"false\" value=\"\" type=\"text\" name=\"your-subject\" \/><\/span> <\/label>\n\n<label> Your Message\n    <span class=\"wpcf7-form-control-wrap\" data-name=\"your-message\"><textarea cols=\"40\" rows=\"10\" maxlength=\"2000\" class=\"wpcf7-form-control wpcf7-textarea\" aria-invalid=\"false\" name=\"your-message\"><\/textarea><\/span> <\/label>\n\n<input class=\"wpcf7-form-control wpcf7-submit has-spinner\" type=\"submit\" value=\"Send\" \/><div class=\"wpcf7-response-output\" aria-hidden=\"true\"><\/div>\n<\/form>\n<\/div>\n<\/div>\t\t\t\t<\/div>\n\t\t\t\t<\/div>\n\t\t\t\t<div class=\"elementor-element elementor-element-f1ff563 elementor-widget elementor-widget-spacer\" data-id=\"f1ff563\" data-element_type=\"widget\" data-e-type=\"widget\" data-widget_type=\"spacer.default\">\n\t\t\t\t\t\t\t<div class=\"elementor-spacer\">\n\t\t\t<div class=\"elementor-spacer-inner\"><\/div>\n\t\t<\/div>\n\t\t\t\t\t\t<\/div>\n\t\t\t\t<div class=\"elementor-element elementor-element-4092640 elementor-widget elementor-widget-spacer\" data-id=\"4092640\" data-element_type=\"widget\" data-e-type=\"widget\" data-widget_type=\"spacer.default\">\n\t\t\t\t\t\t\t<div class=\"elementor-spacer\">\n\t\t\t<div class=\"elementor-spacer-inner\"><\/div>\n\t\t<\/div>\n\t\t\t\t\t\t<\/div>\n\t\t\t\t\t<\/div>\n\t\t\t\t<\/div>\n\t\t\t\t\t<\/div>\n\t\t\t\t<\/div>\n\t\t\t\t<\/div>\n\t\t","protected":false},"excerpt":{"rendered":"<p>CONTACT US YOUR TECHNICAL CONTACTS FRANCE Fr\u00e9d\u00e9ric NAUD +33 (0)7 88 59 56 55f.naud@daquitaine.fr SPAIN Carlota RUP\u00c9REZ WIBERICA BIOTEC SL+34 611 54 24 29carlota@wiberica.com CANADA Garett SAVAGE +1 (707) 332-6823g.savage@daquitaine.fr AUSTRALIA Scott KALMS ABEVEFree Call Aust: 1300 768 976+61 (0) 425774988scott@abeve.com.au U.S.A. West Coast Garett SAVAGE +1 (707) 332-6823g.savage@daquitaine.fr U.S.A. Northern Virginia Nate WALSH +1 [&hellip;]<\/p>\n","protected":false},"author":1,"featured_media":4435,"parent":0,"menu_order":0,"comment_status":"closed","ping_status":"closed","template":"","meta":{"footnotes":""},"class_list":["post-4433","page","type-page","status-publish","has-post-thumbnail","hentry"],"yoast_head":"<!-- This site is optimized with the Yoast SEO plugin v27.6 - https:\/\/yoast.com\/product\/yoast-seo-wordpress\/ -->\n<title>Contact | Tonnellerie d&#039;Aquitaine<\/title>\n<meta name=\"robots\" content=\"index, follow, max-snippet:-1, max-image-preview:large, max-video-preview:-1\" \/>\n<link rel=\"canonical\" href=\"https:\/\/daquitaine.fr\/en\/contact\/\" \/>\n<meta property=\"og:locale\" content=\"en_US\" \/>\n<meta property=\"og:type\" content=\"article\" \/>\n<meta property=\"og:title\" content=\"Contact | Tonnellerie d&#039;Aquitaine\" \/>\n<meta property=\"og:description\" content=\"CONTACT US YOUR TECHNICAL CONTACTS FRANCE Fr\u00e9d\u00e9ric NAUD +33 (0)7 88 59 56 55f.naud@daquitaine.fr SPAIN Carlota RUP\u00c9REZ WIBERICA BIOTEC SL+34 611 54 24 29carlota@wiberica.com CANADA Garett SAVAGE +1 (707) 332-6823g.savage@daquitaine.fr AUSTRALIA Scott KALMS ABEVEFree Call Aust: 1300 768 976+61 (0) 425774988scott@abeve.com.au U.S.A. West Coast Garett SAVAGE +1 (707) 332-6823g.savage@daquitaine.fr U.S.A. Northern Virginia Nate WALSH +1 [&hellip;]\" \/>\n<meta property=\"og:url\" content=\"https:\/\/daquitaine.fr\/en\/contact\/\" \/>\n<meta property=\"og:site_name\" content=\"Tonnellerie d&#039;Aquitaine\" \/>\n<meta property=\"article:modified_time\" content=\"2025-12-16T09:07:33+00:00\" \/>\n<meta property=\"og:image\" content=\"https:\/\/daquitaine.fr\/wp-content\/uploads\/2025\/11\/header-contact.jpg\" \/>\n\t<meta property=\"og:image:width\" content=\"1500\" \/>\n\t<meta property=\"og:image:height\" content=\"500\" \/>\n\t<meta property=\"og:image:type\" content=\"image\/jpeg\" \/>\n<meta name=\"twitter:card\" content=\"summary_large_image\" \/>\n<meta name=\"twitter:label1\" content=\"Est. reading time\" \/>\n\t<meta name=\"twitter:data1\" content=\"1 minute\" \/>\n<script type=\"application\/ld+json\" class=\"yoast-schema-graph\">{\"@context\":\"https:\\\/\\\/schema.org\",\"@graph\":[{\"@type\":\"WebPage\",\"@id\":\"https:\\\/\\\/daquitaine.fr\\\/en\\\/contact\\\/\",\"url\":\"https:\\\/\\\/daquitaine.fr\\\/en\\\/contact\\\/\",\"name\":\"Contact | Tonnellerie d&#039;Aquitaine\",\"isPartOf\":{\"@id\":\"https:\\\/\\\/daquitaine.fr\\\/en\\\/#website\"},\"primaryImageOfPage\":{\"@id\":\"https:\\\/\\\/daquitaine.fr\\\/en\\\/contact\\\/#primaryimage\"},\"image\":{\"@id\":\"https:\\\/\\\/daquitaine.fr\\\/en\\\/contact\\\/#primaryimage\"},\"thumbnailUrl\":\"https:\\\/\\\/daquitaine.fr\\\/wp-content\\\/uploads\\\/2025\\\/11\\\/header-contact.jpg\",\"datePublished\":\"2023-11-03T11:14:32+00:00\",\"dateModified\":\"2025-12-16T09:07:33+00:00\",\"breadcrumb\":{\"@id\":\"https:\\\/\\\/daquitaine.fr\\\/en\\\/contact\\\/#breadcrumb\"},\"inLanguage\":\"en-US\",\"potentialAction\":[{\"@type\":\"ReadAction\",\"target\":[\"https:\\\/\\\/daquitaine.fr\\\/en\\\/contact\\\/\"]}]},{\"@type\":\"ImageObject\",\"inLanguage\":\"en-US\",\"@id\":\"https:\\\/\\\/daquitaine.fr\\\/en\\\/contact\\\/#primaryimage\",\"url\":\"https:\\\/\\\/daquitaine.fr\\\/wp-content\\\/uploads\\\/2025\\\/11\\\/header-contact.jpg\",\"contentUrl\":\"https:\\\/\\\/daquitaine.fr\\\/wp-content\\\/uploads\\\/2025\\\/11\\\/header-contact.jpg\",\"width\":1500,\"height\":500},{\"@type\":\"BreadcrumbList\",\"@id\":\"https:\\\/\\\/daquitaine.fr\\\/en\\\/contact\\\/#breadcrumb\",\"itemListElement\":[{\"@type\":\"ListItem\",\"position\":1,\"name\":\"Accueil\",\"item\":\"https:\\\/\\\/daquitaine.fr\\\/en\\\/\"},{\"@type\":\"ListItem\",\"position\":2,\"name\":\"Contact\"}]},{\"@type\":\"WebSite\",\"@id\":\"https:\\\/\\\/daquitaine.fr\\\/en\\\/#website\",\"url\":\"https:\\\/\\\/daquitaine.fr\\\/en\\\/\",\"name\":\"Tonnellerie d\u2019Aquitaine\",\"description\":\"\",\"potentialAction\":[{\"@type\":\"SearchAction\",\"target\":{\"@type\":\"EntryPoint\",\"urlTemplate\":\"https:\\\/\\\/daquitaine.fr\\\/en\\\/?s={search_term_string}\"},\"query-input\":{\"@type\":\"PropertyValueSpecification\",\"valueRequired\":true,\"valueName\":\"search_term_string\"}}],\"inLanguage\":\"en-US\"}]}<\/script>\n<!-- \/ Yoast SEO plugin. -->","yoast_head_json":{"title":"Contact | Tonnellerie d&#039;Aquitaine","robots":{"index":"index","follow":"follow","max-snippet":"max-snippet:-1","max-image-preview":"max-image-preview:large","max-video-preview":"max-video-preview:-1"},"canonical":"https:\/\/daquitaine.fr\/en\/contact\/","og_locale":"en_US","og_type":"article","og_title":"Contact | Tonnellerie d&#039;Aquitaine","og_description":"CONTACT US YOUR TECHNICAL CONTACTS FRANCE Fr\u00e9d\u00e9ric NAUD +33 (0)7 88 59 56 55f.naud@daquitaine.fr SPAIN Carlota RUP\u00c9REZ WIBERICA BIOTEC SL+34 611 54 24 29carlota@wiberica.com CANADA Garett SAVAGE +1 (707) 332-6823g.savage@daquitaine.fr AUSTRALIA Scott KALMS ABEVEFree Call Aust: 1300 768 976+61 (0) 425774988scott@abeve.com.au U.S.A. West Coast Garett SAVAGE +1 (707) 332-6823g.savage@daquitaine.fr U.S.A. Northern Virginia Nate WALSH +1 [&hellip;]","og_url":"https:\/\/daquitaine.fr\/en\/contact\/","og_site_name":"Tonnellerie d&#039;Aquitaine","article_modified_time":"2025-12-16T09:07:33+00:00","og_image":[{"width":1500,"height":500,"url":"https:\/\/daquitaine.fr\/wp-content\/uploads\/2025\/11\/header-contact.jpg","type":"image\/jpeg"}],"twitter_card":"summary_large_image","twitter_misc":{"Est. reading time":"1 minute"},"schema":{"@context":"https:\/\/schema.org","@graph":[{"@type":"WebPage","@id":"https:\/\/daquitaine.fr\/en\/contact\/","url":"https:\/\/daquitaine.fr\/en\/contact\/","name":"Contact | Tonnellerie d&#039;Aquitaine","isPartOf":{"@id":"https:\/\/daquitaine.fr\/en\/#website"},"primaryImageOfPage":{"@id":"https:\/\/daquitaine.fr\/en\/contact\/#primaryimage"},"image":{"@id":"https:\/\/daquitaine.fr\/en\/contact\/#primaryimage"},"thumbnailUrl":"https:\/\/daquitaine.fr\/wp-content\/uploads\/2025\/11\/header-contact.jpg","datePublished":"2023-11-03T11:14:32+00:00","dateModified":"2025-12-16T09:07:33+00:00","breadcrumb":{"@id":"https:\/\/daquitaine.fr\/en\/contact\/#breadcrumb"},"inLanguage":"en-US","potentialAction":[{"@type":"ReadAction","target":["https:\/\/daquitaine.fr\/en\/contact\/"]}]},{"@type":"ImageObject","inLanguage":"en-US","@id":"https:\/\/daquitaine.fr\/en\/contact\/#primaryimage","url":"https:\/\/daquitaine.fr\/wp-content\/uploads\/2025\/11\/header-contact.jpg","contentUrl":"https:\/\/daquitaine.fr\/wp-content\/uploads\/2025\/11\/header-contact.jpg","width":1500,"height":500},{"@type":"BreadcrumbList","@id":"https:\/\/daquitaine.fr\/en\/contact\/#breadcrumb","itemListElement":[{"@type":"ListItem","position":1,"name":"Accueil","item":"https:\/\/daquitaine.fr\/en\/"},{"@type":"ListItem","position":2,"name":"Contact"}]},{"@type":"WebSite","@id":"https:\/\/daquitaine.fr\/en\/#website","url":"https:\/\/daquitaine.fr\/en\/","name":"Tonnellerie d\u2019Aquitaine","description":"","potentialAction":[{"@type":"SearchAction","target":{"@type":"EntryPoint","urlTemplate":"https:\/\/daquitaine.fr\/en\/?s={search_term_string}"},"query-input":{"@type":"PropertyValueSpecification","valueRequired":true,"valueName":"search_term_string"}}],"inLanguage":"en-US"}]}},"_links":{"self":[{"href":"https:\/\/daquitaine.fr\/en\/wp-json\/wp\/v2\/pages\/4433","targetHints":{"allow":["GET"]}}],"collection":[{"href":"https:\/\/daquitaine.fr\/en\/wp-json\/wp\/v2\/pages"}],"about":[{"href":"https:\/\/daquitaine.fr\/en\/wp-json\/wp\/v2\/types\/page"}],"author":[{"embeddable":true,"href":"https:\/\/daquitaine.fr\/en\/wp-json\/wp\/v2\/users\/1"}],"replies":[{"embeddable":true,"href":"https:\/\/daquitaine.fr\/en\/wp-json\/wp\/v2\/comments?post=4433"}],"version-history":[{"count":5,"href":"https:\/\/daquitaine.fr\/en\/wp-json\/wp\/v2\/pages\/4433\/revisions"}],"predecessor-version":[{"id":4922,"href":"https:\/\/daquitaine.fr\/en\/wp-json\/wp\/v2\/pages\/4433\/revisions\/4922"}],"wp:featuredmedia":[{"embeddable":true,"href":"https:\/\/daquitaine.fr\/en\/wp-json\/wp\/v2\/media\/4435"}],"wp:attachment":[{"href":"https:\/\/daquitaine.fr\/en\/wp-json\/wp\/v2\/media?parent=4433"}],"curies":[{"name":"wp","href":"https:\/\/api.w.org\/{rel}","templated":true}]}}